{"id":283,"date":"2023-06-02T09:40:32","date_gmt":"2023-06-02T09:40:32","guid":{"rendered":"https:\/\/reale-cuenca-carreteria.es\/?page_id=283"},"modified":"2023-06-02T09:40:36","modified_gmt":"2023-06-02T09:40:36","slug":"politica-de-privacidad","status":"publish","type":"page","link":"https:\/\/www.reale-cuenca-carreteria.es\/en\/politica-de-privacidad\/","title":{"rendered":"Pol\u00edtica de privacidad"},"content":{"rendered":"<p>[et_pb_section fb_built=\u00bb1&#8243; theme_builder_area=\u00bbpost_content\u00bb _builder_version=\u00bb4.21.0&#8243; _module_preset=\u00bbdefault\u00bb][et_pb_row _builder_version=\u00bb4.21.0&#8243; _module_preset=\u00bbdefault\u00bb theme_builder_area=\u00bbpost_content\u00bb][et_pb_column _builder_version=\u00bb4.21.0&#8243; _module_preset=\u00bbdefault\u00bb type=\u00bb4_4&#8243; theme_builder_area=\u00bbpost_content\u00bb][et_pb_text _builder_version=\u00bb4.21.0&#8243; _module_preset=\u00bbdefault\u00bb theme_builder_area=\u00bbpost_content\u00bb hover_enabled=\u00bb0&#8243; sticky_enabled=\u00bb0&#8243;]<\/p>\n<div>\n<div>RESPONSABLE<\/div>\n<div>AGENCIA REALE JUAN ALMAZAN S.L<\/div>\n<div>FINALIDAD Y LEGITIMACI\u00d3N<\/div>\n<div>Los datos que nos has facilitado ser\u00e1n utilizados por AGENCIA REALE JUAN ALMAZ\u00c1N S.L, seg\u00fan corresponda, para:<\/div>\n<div>La gesti\u00f3n del proyecto, solicitud o tarificaci\u00f3n del seguro solicitado, as\u00ed como la formalizaci\u00f3n y gesti\u00f3n del seguro si lo decides contratar. Legitimaci\u00f3n: ejecuci\u00f3n del contrato..<\/div>\n<div>La comunicaci\u00f3n de los datos a otras aseguradoras o reaseguradoras, as\u00ed como al corredor de seguros que haya intermediado la p\u00f3liza. Legitimaci\u00f3n: ejecuci\u00f3n del contrato.<\/div>\n<div>El cumplimiento de nuestras obligaciones legales como aseguradora, principalmente para la selecci\u00f3n del riesgo que se desea asegurar, o la prevenci\u00f3n de blanqueo de capitales para RV, entre otras. Legitimaci\u00f3n: obligaci\u00f3n legal.<\/div>\n<div>La prevenci\u00f3n del fraude, impagos y suplantaci\u00f3n de identidad (incluyendo la elaboraci\u00f3n de perfiles). Legitimaci\u00f3n: inter\u00e9s leg\u00edtimo.<\/div>\n<div>La elaboraci\u00f3n de estudios estad\u00edsticos y desarrollo de nuevos productos y servicios previo proceso de anonimizaci\u00f3n de tus datos. Legitimaci\u00f3n: inter\u00e9s leg\u00edtimo.\\<\/div>\n<div>La realizaci\u00f3n de actividades de fidelizaci\u00f3n y encuestas de opini\u00f3n. Legitimaci\u00f3n: inter\u00e9s leg\u00edtimo.<\/div>\n<div>\u00a0Gestionar centralizadamente tus datos y proporcionarte un servicio m\u00e1s inmediato y completo. Legitimaci\u00f3n: inter\u00e9s leg\u00edtimo.<\/div>\n<div>Enviarte comunicaciones comerciales de productos propios y similares a los previamente contratados, por cualquier medio mientras seas cliente (incluye la elaboraci\u00f3n de perfiles \u00abb\u00e1sicos\u00bb). Legitimaci\u00f3n: inter\u00e9s leg\u00edtimo.<\/div>\n<div>\u00a0Otras finalidades basadas en tu consentimiento.<\/div>\n<p><div>DESTINATARIOS<\/div>\n<div>\u2022 \u00a0 A otras entidades del Grupo Reale para el cumplimiento de nuestras obligaciones legales y la gesti\u00f3n centralizada del servicio.<\/div>\n<div>\u2022 \u00a0 A entidades financieras, para la gesti\u00f3n de cobros y pagos.<\/div>\n<div>\u2022 \u00a0 A entidades y organismos, p\u00fablicos o privados, que intervengan en la gesti\u00f3n del contrato de seguro, aseguradoras y reaseguradoras, intervinientes en la gesti\u00f3n de la p\u00f3liza que act\u00faan como encargados, as\u00ed como fuerzas y cuerpos de seguridad del Estado, reguladores u \u00f3rganos gubernamentales.<\/div>\n<div>\u2022 \u00a0 Al corredor o corredur\u00eda de seguro que haya intermediado tu p\u00f3liza.<\/div>\n<div>\u2022 \u00a0 A ficheros comunes de solvencia relativos al cumplimiento e incumplimiento de obligaciones dinerarias.<\/div>\n<div>\u2022 \u00a0 A ficheros comunes para la prevenci\u00f3n del fraude y detecci\u00f3n, seg\u00fan corresponda por el seguro suscrito.<\/div>\n<div>\u2022 \u00a0 Al Fichero Informativo de Veh\u00edculos Asegurados (FIVA).<\/div>\n<div>DERECHOS<\/div>\n<div>Puedes ejercer tus derechos de acceso, rectificaci\u00f3n, supresi\u00f3n, portabilidad, limitaci\u00f3n y, en su caso, oposici\u00f3n al tratamiento, as\u00ed como revocar tu consentimiento en cualquier momento, dirigi\u00e9ndote a tu Aseguradora o a cualquiera de los corresponsables en relaci\u00f3n con los tratamientos realizados conjuntamente, a trav\u00e9s del correo protecciondedatos@reale.es o ar.cuencapasaje@reale.es<\/div>\n<div>INFORMACI\u00d3N ADICIONAL<\/div>\n<div>Te recomendamos consultes informaci\u00f3n completa y detallada sobre el tratamiento de tus datos en www.reale.es\/es\/politica-de-privacidad,o poni\u00e9ndote en contacto con nosotros en el 900 101 480 para que te la remitamos por el medio que prefieras.<\/div>\n<div>TRATAMIENTO DE LOS DATOS DE CAR\u00c1CTER PERSONAL<\/div>\n<div>De conformidad a la Ley Org\u00e1nica 15\/1999, de 13 de diciembre, de Protecci\u00f3n de Datos de Car\u00e1cter Personal (LOPD), de \u00a0El RGPD (Reglamento (UE) 2016\/679 del Parlamento Europeo y del Consejo de 27 de abril de 2016 relativo a la protecci\u00f3n de las personas f\u00edsicas) y dem\u00e1s normativa vigente, los datos de car\u00e1cter personal suministrados por el Usuario quedar\u00e1n \u00a0incorporados a un fichero automatizado, responsabilidad de AGENCIA REALE JUAN ALMAZAN S.L, el cual ser\u00e1 procesado exclusivamente para la gesti\u00f3n de la propia relaci\u00f3n comercial.<\/div>\n<div>Los datos de car\u00e1cter personal ser\u00e1n tratados con el grado de protecci\u00f3n adecuado, de acuerdo con el Real Decreto 994\/1999, de 11 de junio, y dem\u00e1s normativa de aplicaci\u00f3n en cada momento, tom\u00e1ndose las medidas de seguridad necesarias para evitar su alteraci\u00f3n, p\u00e9rdida, tratamiento o acceso no autorizado por parte de terceros.<\/div>\n<div>El Usuario podr\u00e1 ejercitar sus derechos de oposici\u00f3n, acceso, rectificaci\u00f3n y\/o cancelaci\u00f3n, en los t\u00e9rminos establecidos en la normativa vigente, comunic\u00e1ndolo por escrito a AGENCIA REALE JUAN ALMAZAN S.L, C\/ Carreter\u00eda, 25 \u00a016002 CUENCA.<\/div>\n<div>Para cualquier consulta o comentario en relaci\u00f3n con este tema, puede contactar con nosotros a trav\u00e9s de la direcci\u00f3n de correo electr\u00f3nico ar.cuencapasaje@reale.es<\/div>\n<div>AGENCIA REALE JUAN ALMAZAN S.L, est\u00e1 comprometida a proteger su privacidad y la tecnolog\u00eda de desarrollo que le brinda la experiencia en l\u00ednea m\u00e1s potente y segura. Esta Declaraci\u00f3n de Privacidad est\u00e1 relacionada con el sitio Web de AGENCIA REALE JUAN ALMAZAN S.L, y abarca la recolecci\u00f3n de datos y su uso. Al utilizar el sitio ar.cuencapasaje@reale.es (en adelante Sitio Web), Usted acepta las pr\u00e1cticas utilizadas en relaci\u00f3n a los datos que se describen en esta declaraci\u00f3n.<\/div>\n<div>RECOLECCI\u00d3N DE SU INFORMACI\u00d3N PERSONAL<\/div>\n<div>AGENCIA REALE JUAN ALMAZAN S.L, recolecta informaci\u00f3n de identificaci\u00f3n personal, como su direcci\u00f3n de correo electr\u00f3nico (e-mail), nombre, direcci\u00f3n del trabajo o de su casa, o su n\u00famero telef\u00f3nico. AGENCIA REALE JUAN ALMAZAN S.L, tambi\u00e9n recaba informaci\u00f3n demogr\u00e1fica an\u00f3nima, en el sentido que no es aplicable s\u00f3lo a Usted, como por ejemplo el c\u00f3digo postal, edad, sexo, preferencias, intereses y favoritos.<\/div>\n<div>Tambi\u00e9n existe informaci\u00f3n acerca del hardware y software de su computador personal, que se recaba autom\u00e1ticamente por AGENCIA REALE JUAN ALMAZAN S.L, Esta informaci\u00f3n puede incluir: su direcci\u00f3n IP, tipo de explorador de Internet usado, nombres de dominio, tiempos de acceso y direcciones de sitios Web que hacen referencia a \u00e9ste. Esta informaci\u00f3n es utilizada por AGENCIA REALE JUAN ALMAZAN S.L, para la operaci\u00f3n del servicio, para mantener la calidad del servicio prestado y para brindar estad\u00edsticas generales acerca del uso del Sitio Web.<\/div>\n<div>Por favor tenga en cuenta que si Usted divulga directamente informaci\u00f3n de identificaci\u00f3n personal o datos privados a trav\u00e9s de las herramientas p\u00fablicas de comunicaci\u00f3n en l\u00ednea ofrecidas por AGENCIA REALE JUAN ALMAZAN S.L, dicha informaci\u00f3n puede ser recogida y usada por otros.<\/div>\n<div>Nota: AGENCIA REALE JUAN ALMAZAN S.L, no lee ninguna de sus comunicaciones en l\u00ednea privadas.<\/div>\n<div>AGENCIA REALE JUAN ALMAZAN S.L, lo alienta a que revise las declaraciones de privacidad de otros sitios Web a los que Usted elija vincular desde este Sitio Web de manera que pueda comprender c\u00f3mo recogen \u00e9stos su informaci\u00f3n y si eventualmente la comparten con otros. AGENCIA REALE JUAN ALMAZAN S.L, no es responsable por declaraciones de privacidad ni otros contenidos que se encuentren en sitios Web fuera de www.servinet.net y de la familia de sitios Web de AGENCIA REALE JUAN ALMAZAN S.L,<\/div>\n<div>UTILIZACI\u00d3N DE SU INFORMACI\u00d3N PERSONAL<\/div>\n<div>AGENCIA REALE JUAN ALMAZAN S.L, recaba y utiliza su informaci\u00f3n personal para operar el sitio Web y brindarle los servicios que Usted haya solicitado. AGENCIA REALE JUAN ALMAZAN S.L, tambi\u00e9n utiliza la informaci\u00f3n de su identificaci\u00f3n personal para informarlo acerca de otros productos o servicios disponibles en el Sitio Web y sus subsidiarias. AGENCIA REALE JUAN ALMAZAN S.L, puede tambi\u00e9n ponerse en contacto con Usted mediante encuestas, para conocer su opini\u00f3n sobre los servicios prestados actualmente o potenciales servicios a ofrecer en el futuro.<\/div>\n<div>AGENCIA REALE JUAN ALMAZAN S.L, no vende, alquila o arrienda su lista de clientes a terceras partes. Espor\u00e1dicamente AGENCIA REALE JUAN ALMAZAN S.L, puede contactar con usted de parte de socios de negocios externos para ofrecerle alguna oferta particular que pueda ser de su inter\u00e9s. En estos casos, la informaci\u00f3n de su identificaci\u00f3n personal (e-mail, nombre, direcci\u00f3n, tel\u00e9fono) no es transferida al socio de negocios. Adem\u00e1s, AGENCIA REALE JUAN ALMAZAN S.L, s\u00ed puede compartir datos con socios confiables que ayudan y\/o en los que delega el an\u00e1lisis estad\u00edstico, el env\u00edo de correo electr\u00f3nico o postal, la atenci\u00f3n al cliente, o los arreglos para la distribuci\u00f3n y entrega. Todas estas terceras partes tienen expresamente prohibido el uso de la informaci\u00f3n personal que pueda identificarle salvo para poder proveer estos servicios a AGENCIA REALE JUAN ALMAZAN S.L, y est\u00e1n obligados a mantener la confidencialidad de su informaci\u00f3n.<\/div>\n<div>AGENCIA REALE JUAN ALMAZAN S.L, no utiliza ni divulga informaci\u00f3n personal privada como raza, religi\u00f3n o afiliaciones pol\u00edticas sin su consentimiento expreso.<\/div>\n<div>AGENCIA REALE JUAN ALMAZAN S.L, rastrea los sitios Web y las p\u00e1ginas que visitan nuestros clientes dentro del Sito Web, para poder determinar cu\u00e1les son los servicios de AGENCIA REALE JUAN ALMAZAN S.L, m\u00e1s populares. Estos datos son utilizados para presentar contenidos y publicidades personalizadas en el sitio de AGENCIA REALE JUAN ALMAZAN S.L, a clientes cuyo comportamiento indica que tienen un particular inter\u00e9s en un \u00e1rea determinada.<\/div>\n<div>Los sitios Web de AGENCIA REALE JUAN ALMAZAN S.L, divulgar\u00e1n su informaci\u00f3n personal, sin notificarlo, s\u00f3lo cuando as\u00ed sea requerido por la ley o cuando se crea de buena fe que dicha acci\u00f3n es necesaria para:<\/div>\n<div>(a) conformar edictos legales o el cumplimiento de un proceso legal realizado sobre AGENCIA REALE JUAN ALMAZAN S.L, o el sitio<\/div>\n<div>(b) proteger y defender los derechos o propiedad de AGENCIA REALE JUAN ALMAZAN S.L,<\/div>\n<div>(c) actuar bajo circunstancias extremas, para proteger la seguridad de los usuarios del Sitio Web, o del p\u00fablico.<\/div>\n<div>USO DE \u201cCOOKIES\u201d<\/div>\n<div>El sitio Web utiliza \u201ccookies\u201d para almacenar sus preferencias ayud\u00e1ndole a personalizar su experiencia en l\u00ednea. Una cookie es un archivo de texto que es grabado en su disco duro por un servidor de p\u00e1ginas Web. Las cookies no pueden ser utilizadas para ejecutar programas o distribuir virus inform\u00e1ticos a su computadora. Las cookies son asignadas a Usted por el servidor en relaci\u00f3n uno-a-uno, y pueden ser le\u00eddas \u00fanicamente por un servidor miembro del dominio que emiti\u00f3 la cookie para Usted.<\/div>\n<div>Una de las principales ventajas de las cookies es que le ahorran tiempo. El prop\u00f3sito de una cookie es informarle al servidor Web que Usted ha regresado a una p\u00e1gina espec\u00edfica. Por ejemplo, cuando Usted personaliza p\u00e1ginas en el Sitio Web, o cuando se registra en el sitio de AGENCIA REALE JUAN ALMAZAN S.L, la cookie grabada permite al servidor Web de AGENCIA REALE JUAN ALMAZAN S.L, recuperar su informaci\u00f3n espec\u00edfica en las subsiguientes visitas. Esto simplifica el proceso de registrar su informaci\u00f3n personal como direcci\u00f3n de cobro, direcci\u00f3n de env\u00edo, etc. La pr\u00f3xima vez que regrese al mismo sitio Web de AGENCIA REALE JUAN ALMAZAN S.L, la informaci\u00f3n que Usted suministr\u00f3 anteriormente puede ser recuperada de la cookie, y as\u00ed las opciones que Usted haya personalizado en su visita anterior al Sitio Web estar\u00e1n disponibles sin necesidad de que deba ingresarlas nuevamente.<\/div>\n<div>Usted tiene la posibilidad de aceptar o rechazar cookies. La mayor\u00eda de los exploradores de Internet aceptan las cookies autom\u00e1ticamente, pero si lo prefiere Usted puede modificar la configuraci\u00f3n para que las rechace. Si escoge que el explorador rechace cookies, es probable que no pueda aprovechar en su totalidad las caracter\u00edsticas interactivas de los servicios ofrecidos en www.servinet.net o en los sitios Web que visite.<\/div>\n<div>SEGURIDAD DE SU INFORMACI\u00d3N PERSONAL<\/div>\n<div>AGENCIA REALE JUAN ALMAZAN S.L, asegura su informaci\u00f3n personal frente al acceso, uso o divulgaci\u00f3n no autorizados. AGENCIA REALE JUAN ALMAZAN S.L, mantiene la informaci\u00f3n de identificaci\u00f3n personal que Usted haya provisto, en servidores ubicados en un ambiente controlado y seguro, protegidos del acceso, uso o divulgaci\u00f3n no autorizados. En caso de que informaci\u00f3n personal (como el n\u00famero de su tarjeta de cr\u00e9dito) sea transmitida a otros sitios Web, \u00e9sta se protege mediante el uso de protocolos cifrados como el protocolo SSL (Secure Sockets Layer).<\/div>\n<div>MODIFICACIONES A ESTA DECLARACI\u00d3N<\/div>\n<div>AGENCIA REALE JUAN ALMAZAN S.L, podr\u00e1 ocasionalmente actualizar esta Declaraci\u00f3n de Privacidad para reflejar las sugerencias tanto de la compa\u00f1\u00eda como de los clientes. En AGENCIA REALE JUAN ALMAZAN S.L, lo alentamos a que revise peri\u00f3dicamente esta Declaraci\u00f3n para estar informado de c\u00f3mo AGENCIA REALE JUAN ALMAZAN S.L, protege su informaci\u00f3n.<\/div>\n<div>INFORMACI\u00d3N DE CONTACTO<\/div>\n<div>AGENCIA REALE JUAN ALMAZAN S.L, recibe con agrado sus comentarios relativos a esta Declaraci\u00f3n de Privacidad. Si Usted cree que AGENCIA REALE JUAN ALMAZAN S.L, no se ha ce\u00f1ido a esta Declaraci\u00f3n, por favor, p\u00f3ngase en contacto con AGENCIA REALE JUAN ALMAZAN S.L, a trav\u00e9s de info@servinet.net. Pondremos nuestros mejores esfuerzos comercialmente razonables para determinar r\u00e1pidamente el problema y remediarlo cuanto antes.<\/div>\n<\/div>\n<p>[\/et_pb_text][\/et_pb_column][\/et_pb_row][\/et_pb_section]<\/p>\n","protected":false},"excerpt":{"rendered":"<p>RESPONSABLE AGENCIA REALE JUAN ALMAZAN S.L FINALIDAD Y LEGITIMACI\u00d3N Los datos que nos has facilitado ser\u00e1n utilizados por AGENCIA REALE JUAN ALMAZ\u00c1N S.L, seg\u00fan corresponda, para: La gesti\u00f3n del proyecto, solicitud o tarificaci\u00f3n del seguro solicitado, as\u00ed como la formalizaci\u00f3n y gesti\u00f3n del seguro si lo decides contratar. Legitimaci\u00f3n: ejecuci\u00f3n del contrato.. La comunicaci\u00f3n de [&hellip;]<\/p>\n","protected":false},"author":1,"featured_media":0,"parent":0,"menu_order":2,"comment_status":"closed","ping_status":"closed","template":"","meta":{"_et_pb_use_builder":"on","_et_pb_old_content":"","_et_gb_content_width":"","footnotes":""},"class_list":["post-283","page","type-page","status-publish","hentry"],"yoast_head":"<!-- This site is optimized with the Yoast SEO plugin v27.0 - https:\/\/yoast.com\/product\/yoast-seo-wordpress\/ -->\n<title>Pol\u00edtica de privacidad - Reale Cuenca Carreter\u00eda<\/title>\n<meta name=\"robots\" content=\"index, follow, max-snippet:-1, max-image-preview:large, max-video-preview:-1\" \/>\n<link rel=\"canonical\" href=\"https:\/\/www.reale-cuenca-carreteria.es\/en\/politica-de-privacidad\/\" \/>\n<meta property=\"og:locale\" content=\"en_GB\" \/>\n<meta property=\"og:type\" content=\"article\" \/>\n<meta property=\"og:title\" content=\"Pol\u00edtica de privacidad - Reale Cuenca Carreter\u00eda\" \/>\n<meta property=\"og:description\" content=\"RESPONSABLE AGENCIA REALE JUAN ALMAZAN S.L FINALIDAD Y LEGITIMACI\u00d3N Los datos que nos has facilitado ser\u00e1n utilizados por AGENCIA REALE JUAN ALMAZ\u00c1N S.L, seg\u00fan corresponda, para: La gesti\u00f3n del proyecto, solicitud o tarificaci\u00f3n del seguro solicitado, as\u00ed como la formalizaci\u00f3n y gesti\u00f3n del seguro si lo decides contratar. Legitimaci\u00f3n: ejecuci\u00f3n del contrato.. La comunicaci\u00f3n de [&hellip;]\" \/>\n<meta property=\"og:url\" content=\"https:\/\/www.reale-cuenca-carreteria.es\/en\/politica-de-privacidad\/\" \/>\n<meta property=\"og:site_name\" content=\"Reale Cuenca Carreter\u00eda\" \/>\n<meta property=\"article:modified_time\" content=\"2023-06-02T09:40:36+00:00\" \/>\n<meta name=\"twitter:card\" content=\"summary_large_image\" \/>\n<meta name=\"twitter:label1\" content=\"Estimated reading time\" \/>\n\t<meta name=\"twitter:data1\" content=\"11 minutes\" \/>\n<script type=\"application\/ld+json\" class=\"yoast-schema-graph\">{\"@context\":\"https:\/\/schema.org\",\"@graph\":[{\"@type\":\"WebPage\",\"@id\":\"https:\/\/www.reale-cuenca-carreteria.es\/politica-de-privacidad\/\",\"url\":\"https:\/\/www.reale-cuenca-carreteria.es\/politica-de-privacidad\/\",\"name\":\"Pol\u00edtica de privacidad - Reale Cuenca Carreter\u00eda\",\"isPartOf\":{\"@id\":\"https:\/\/www.reale-cuenca-carreteria.es\/#website\"},\"datePublished\":\"2023-06-02T09:40:32+00:00\",\"dateModified\":\"2023-06-02T09:40:36+00:00\",\"breadcrumb\":{\"@id\":\"https:\/\/www.reale-cuenca-carreteria.es\/politica-de-privacidad\/#breadcrumb\"},\"inLanguage\":\"en-GB\",\"potentialAction\":[{\"@type\":\"ReadAction\",\"target\":[\"https:\/\/www.reale-cuenca-carreteria.es\/politica-de-privacidad\/\"]}]},{\"@type\":\"BreadcrumbList\",\"@id\":\"https:\/\/www.reale-cuenca-carreteria.es\/politica-de-privacidad\/#breadcrumb\",\"itemListElement\":[{\"@type\":\"ListItem\",\"position\":1,\"name\":\"Portada\",\"item\":\"https:\/\/www.reale-cuenca-carreteria.es\/\"},{\"@type\":\"ListItem\",\"position\":2,\"name\":\"Pol\u00edtica de privacidad\"}]},{\"@type\":\"WebSite\",\"@id\":\"https:\/\/www.reale-cuenca-carreteria.es\/#website\",\"url\":\"https:\/\/www.reale-cuenca-carreteria.es\/\",\"name\":\"Reale Cuenca Carreter\u00eda\",\"description\":\"Juan Almaz\u00e1n\",\"publisher\":{\"@id\":\"https:\/\/www.reale-cuenca-carreteria.es\/#organization\"},\"potentialAction\":[{\"@type\":\"SearchAction\",\"target\":{\"@type\":\"EntryPoint\",\"urlTemplate\":\"https:\/\/www.reale-cuenca-carreteria.es\/?s={search_term_string}\"},\"query-input\":{\"@type\":\"PropertyValueSpecification\",\"valueRequired\":true,\"valueName\":\"search_term_string\"}}],\"inLanguage\":\"en-GB\"},{\"@type\":\"Organization\",\"@id\":\"https:\/\/www.reale-cuenca-carreteria.es\/#organization\",\"name\":\"Reale Cuenca Carreter\u00eda\",\"url\":\"https:\/\/www.reale-cuenca-carreteria.es\/\",\"logo\":{\"@type\":\"ImageObject\",\"inLanguage\":\"en-GB\",\"@id\":\"https:\/\/www.reale-cuenca-carreteria.es\/#\/schema\/logo\/image\/\",\"url\":\"https:\/\/www.reale-cuenca-carreteria.es\/wp-content\/uploads\/2023\/04\/cropped-favicon.png\",\"contentUrl\":\"https:\/\/www.reale-cuenca-carreteria.es\/wp-content\/uploads\/2023\/04\/cropped-favicon.png\",\"width\":512,\"height\":512,\"caption\":\"Reale Cuenca Carreter\u00eda\"},\"image\":{\"@id\":\"https:\/\/www.reale-cuenca-carreteria.es\/#\/schema\/logo\/image\/\"}}]}<\/script>\n<!-- \/ Yoast SEO plugin. -->","yoast_head_json":{"title":"Pol\u00edtica de privacidad - Reale Cuenca Carreter\u00eda","robots":{"index":"index","follow":"follow","max-snippet":"max-snippet:-1","max-image-preview":"max-image-preview:large","max-video-preview":"max-video-preview:-1"},"canonical":"https:\/\/www.reale-cuenca-carreteria.es\/en\/politica-de-privacidad\/","og_locale":"en_GB","og_type":"article","og_title":"Pol\u00edtica de privacidad - Reale Cuenca Carreter\u00eda","og_description":"RESPONSABLE AGENCIA REALE JUAN ALMAZAN S.L FINALIDAD Y LEGITIMACI\u00d3N Los datos que nos has facilitado ser\u00e1n utilizados por AGENCIA REALE JUAN ALMAZ\u00c1N S.L, seg\u00fan corresponda, para: La gesti\u00f3n del proyecto, solicitud o tarificaci\u00f3n del seguro solicitado, as\u00ed como la formalizaci\u00f3n y gesti\u00f3n del seguro si lo decides contratar. Legitimaci\u00f3n: ejecuci\u00f3n del contrato.. La comunicaci\u00f3n de [&hellip;]","og_url":"https:\/\/www.reale-cuenca-carreteria.es\/en\/politica-de-privacidad\/","og_site_name":"Reale Cuenca Carreter\u00eda","article_modified_time":"2023-06-02T09:40:36+00:00","twitter_card":"summary_large_image","twitter_misc":{"Estimated reading time":"11 minutes"},"schema":{"@context":"https:\/\/schema.org","@graph":[{"@type":"WebPage","@id":"https:\/\/www.reale-cuenca-carreteria.es\/politica-de-privacidad\/","url":"https:\/\/www.reale-cuenca-carreteria.es\/politica-de-privacidad\/","name":"Pol\u00edtica de privacidad - Reale Cuenca Carreter\u00eda","isPartOf":{"@id":"https:\/\/www.reale-cuenca-carreteria.es\/#website"},"datePublished":"2023-06-02T09:40:32+00:00","dateModified":"2023-06-02T09:40:36+00:00","breadcrumb":{"@id":"https:\/\/www.reale-cuenca-carreteria.es\/politica-de-privacidad\/#breadcrumb"},"inLanguage":"en-GB","potentialAction":[{"@type":"ReadAction","target":["https:\/\/www.reale-cuenca-carreteria.es\/politica-de-privacidad\/"]}]},{"@type":"BreadcrumbList","@id":"https:\/\/www.reale-cuenca-carreteria.es\/politica-de-privacidad\/#breadcrumb","itemListElement":[{"@type":"ListItem","position":1,"name":"Portada","item":"https:\/\/www.reale-cuenca-carreteria.es\/"},{"@type":"ListItem","position":2,"name":"Pol\u00edtica de privacidad"}]},{"@type":"WebSite","@id":"https:\/\/www.reale-cuenca-carreteria.es\/#website","url":"https:\/\/www.reale-cuenca-carreteria.es\/","name":"Reale Cuenca Carreter\u00eda","description":"Juan Almaz\u00e1n","publisher":{"@id":"https:\/\/www.reale-cuenca-carreteria.es\/#organization"},"potentialAction":[{"@type":"SearchAction","target":{"@type":"EntryPoint","urlTemplate":"https:\/\/www.reale-cuenca-carreteria.es\/?s={search_term_string}"},"query-input":{"@type":"PropertyValueSpecification","valueRequired":true,"valueName":"search_term_string"}}],"inLanguage":"en-GB"},{"@type":"Organization","@id":"https:\/\/www.reale-cuenca-carreteria.es\/#organization","name":"Reale Cuenca Carreter\u00eda","url":"https:\/\/www.reale-cuenca-carreteria.es\/","logo":{"@type":"ImageObject","inLanguage":"en-GB","@id":"https:\/\/www.reale-cuenca-carreteria.es\/#\/schema\/logo\/image\/","url":"https:\/\/www.reale-cuenca-carreteria.es\/wp-content\/uploads\/2023\/04\/cropped-favicon.png","contentUrl":"https:\/\/www.reale-cuenca-carreteria.es\/wp-content\/uploads\/2023\/04\/cropped-favicon.png","width":512,"height":512,"caption":"Reale Cuenca Carreter\u00eda"},"image":{"@id":"https:\/\/www.reale-cuenca-carreteria.es\/#\/schema\/logo\/image\/"}}]}},"_links":{"self":[{"href":"https:\/\/www.reale-cuenca-carreteria.es\/en\/wp-json\/wp\/v2\/pages\/283","targetHints":{"allow":["GET"]}}],"collection":[{"href":"https:\/\/www.reale-cuenca-carreteria.es\/en\/wp-json\/wp\/v2\/pages"}],"about":[{"href":"https:\/\/www.reale-cuenca-carreteria.es\/en\/wp-json\/wp\/v2\/types\/page"}],"author":[{"embeddable":true,"href":"https:\/\/www.reale-cuenca-carreteria.es\/en\/wp-json\/wp\/v2\/users\/1"}],"replies":[{"embeddable":true,"href":"https:\/\/www.reale-cuenca-carreteria.es\/en\/wp-json\/wp\/v2\/comments?post=283"}],"version-history":[{"count":2,"href":"https:\/\/www.reale-cuenca-carreteria.es\/en\/wp-json\/wp\/v2\/pages\/283\/revisions"}],"predecessor-version":[{"id":286,"href":"https:\/\/www.reale-cuenca-carreteria.es\/en\/wp-json\/wp\/v2\/pages\/283\/revisions\/286"}],"wp:attachment":[{"href":"https:\/\/www.reale-cuenca-carreteria.es\/en\/wp-json\/wp\/v2\/media?parent=283"}],"curies":[{"name":"wp","href":"https:\/\/api.w.org\/{rel}","templated":true}]}}