{"id":15,"date":"2023-04-14T08:27:29","date_gmt":"2023-04-14T08:27:29","guid":{"rendered":"https:\/\/reale-cuenca-carreteria.es\/?page_id=15"},"modified":"2024-07-18T08:30:51","modified_gmt":"2024-07-18T08:30:51","slug":"moto","status":"publish","type":"page","link":"https:\/\/www.reale-cuenca-carreteria.es\/en\/moto\/","title":{"rendered":"Moto"},"content":{"rendered":"<p>[et_pb_section fb_built=\u00bb1&#8243; fullwidth=\u00bbon\u00bb admin_label=\u00bbPage Header\u00bb _builder_version=\u00bb4.20.4&#8243; background_image=\u00bbhttps:\/\/www.reale-cuenca-carreteria.es\/wp-content\/uploads\/2023\/04\/seguro_moto.jpg\u00bb parallax=\u00bbon\u00bb animation_direction=\u00bbtop\u00bb global_colors_info=\u00bb{}\u00bb][et_pb_fullwidth_header title=\u00bbSeguros de moto\u00bb text_orientation=\u00bbcenter\u00bb button_one_text=\u00bbObt\u00e9n tu presupuesto\u00bb button_one_url=\u00bb#bloqueContacto\u00bb admin_label=\u00bbHero Section\u00bb _builder_version=\u00bb4.21.0&#8243; title_font=\u00bbMontserrat|on|||\u00bb title_font_size=\u00bb60px\u00bb title_line_height=\u00bb1.4em\u00bb content_font_size=\u00bb22px\u00bb content_line_height=\u00bb1.8em\u00bb subhead_font=\u00bb||||\u00bb background_color=\u00bbrgba(255, 255, 255, 0)\u00bb use_background_color_gradient=\u00bbon\u00bb background_color_gradient_stops=\u00bbrgba(58,52,226,0.93) 0%|rgba(73,108,220,0.7) 100%\u00bb background_color_gradient_start=\u00bbrgba(58,52,226,0.93)\u00bb background_color_gradient_end=\u00bbrgba(73,108,220,0.7)\u00bb custom_button_one=\u00bbon\u00bb button_one_text_size=\u00bb16px\u00bb button_one_bg_color=\u00bb#6eba01&#8243; button_one_border_width=\u00bb2px\u00bb button_one_border_color=\u00bb#6eba01&#8243; button_one_border_radius=\u00bb0&#8243; button_one_letter_spacing=\u00bb2&#8243; button_one_font=\u00bbMontserrat|||on|\u00bb button_one_use_icon=\u00bboff\u00bb custom_button_two=\u00bbon\u00bb button_two_text_size=\u00bb16px\u00bb button_two_border_width=\u00bb2px\u00bb button_two_border_color=\u00bb#ffffff\u00bb button_two_border_radius=\u00bb0&#8243; button_two_letter_spacing=\u00bb2&#8243; button_two_font=\u00bbMontserrat|||on|\u00bb button_two_use_icon=\u00bboff\u00bb module_alignment=\u00bbleft\u00bb animation_style=\u00bbfade\u00bb title_font_size_tablet=\u00bb\u00bb title_font_size_phone=\u00bb48px\u00bb title_font_size_last_edited=\u00bbon|phone\u00bb button_one_text_color_hover=\u00bb#6eba01&#8243; button_two_text_color_hover=\u00bb#6eba01&#8243; button_one_border_color_hover=\u00bb#ffffff\u00bb button_two_border_color_hover=\u00bb#ffffff\u00bb button_one_border_radius_hover=\u00bb0&#8243; button_two_border_radius_hover=\u00bb0&#8243; button_one_letter_spacing_hover=\u00bb2&#8243; button_two_letter_spacing_hover=\u00bb2&#8243; button_one_bg_color_hover=\u00bb#ffffff\u00bb button_two_bg_color_hover=\u00bb#ffffff\u00bb global_colors_info=\u00bb{}\u00bb button_one_text_size__hover_enabled=\u00bboff\u00bb button_two_text_size__hover_enabled=\u00bboff\u00bb button_one_text_color__hover_enabled=\u00bbon\u00bb button_one_text_color__hover=\u00bb#6eba01&#8243; button_two_text_color__hover_enabled=\u00bbon\u00bb button_two_text_color__hover=\u00bb#6eba01&#8243; button_one_border_width__hover_enabled=\u00bboff\u00bb button_two_border_width__hover_enabled=\u00bboff\u00bb button_one_border_color__hover_enabled=\u00bbon\u00bb button_one_border_color__hover=\u00bb#ffffff\u00bb button_two_border_color__hover_enabled=\u00bbon\u00bb button_two_border_color__hover=\u00bb#ffffff\u00bb button_one_border_radius__hover_enabled=\u00bbon\u00bb button_one_border_radius__hover=\u00bb0&#8243; button_two_border_radius__hover_enabled=\u00bbon\u00bb button_two_border_radius__hover=\u00bb0&#8243; button_one_letter_spacing__hover_enabled=\u00bbon\u00bb button_one_letter_spacing__hover=\u00bb2&#8243; button_two_letter_spacing__hover_enabled=\u00bbon\u00bb button_two_letter_spacing__hover=\u00bb2&#8243; button_one_bg_color__hover_enabled=\u00bbon\u00bb button_one_bg_color__hover=\u00bb#ffffff\u00bb button_two_bg_color__hover_enabled=\u00bbon\u00bb button_two_bg_color__hover=\u00bb#ffffff\u00bb]<\/p>\n<p>Para nosotros en un esfuerzo permanente para adaptar nuestros productos a las diferentes necesidades de nuestros clientes, creando este producto online espec\u00edfico con las mejores prestaciones del mercado y un gran n\u00famero de servicios, a\u00f1adiendo novedosas coberturas y una gran numero de garant\u00edas exclusivas lo que lo convierte en uno de los seguros de Auto para motos m\u00e1s completos<\/p>\n<p>&nbsp;<\/p>\n<p>[\/et_pb_fullwidth_header][\/et_pb_section][et_pb_section fb_built=\u00bb1&#8243; admin_label=\u00bbContact\u00bb _builder_version=\u00bb4.16&#8243; background_color=\u00bb#f4f4f4&#8243; global_colors_info=\u00bb{}\u00bb][et_pb_row _builder_version=\u00bb4.16&#8243; custom_width_px=\u00bb710px\u00bb locked=\u00bboff\u00bb global_colors_info=\u00bb{}\u00bb][et_pb_column type=\u00bb4_4&#8243; _builder_version=\u00bb4.16&#8243; background_position=\u00bbtop_left\u00bb custom_padding=\u00bb|||\u00bb global_colors_info=\u00bb{}\u00bb custom_padding__hover=\u00bb|||\u00bb][et_pb_divider color=\u00bb#4e5ed0&#8243; divider_weight=\u00bb3px\u00bb disabled_on=\u00bboff|off|off\u00bb _builder_version=\u00bb4.20.4&#8243; background_color_gradient_direction=\u00bb90deg\u00bb max_width=\u00bb100px\u00bb module_alignment=\u00bbcenter\u00bb height=\u00bb5px\u00bb custom_margin=\u00bb||20px|\u00bb custom_padding=\u00bb||20px|\u00bb animation_style=\u00bbslide\u00bb animation_direction=\u00bbbottom\u00bb saved_tabs=\u00bball\u00bb locked=\u00bboff\u00bb global_colors_info=\u00bb{}\u00bb][\/et_pb_divider][et_pb_text admin_label=\u00bbContact Section Title\u00bb _builder_version=\u00bb4.20.4&#8243; header_font=\u00bbMontserrat||||\u00bb header_text_color=\u00bb#1f1f1f\u00bb header_font_size=\u00bb36px\u00bb text_orientation=\u00bbcenter\u00bb max_width=\u00bb710px\u00bb module_alignment=\u00bbcenter\u00bb animation_style=\u00bbfold\u00bb animation_direction=\u00bbbottom\u00bb animation_intensity_fold=\u00bb20%\u00bb global_colors_info=\u00bb{}\u00bb]<\/p>\n<h1>Contrata hoy mismo<\/h1>\n<p>[\/et_pb_text][et_pb_text admin_label=\u00bbContact Section Subtitle\u00bb _builder_version=\u00bb4.20.4&#8243; text_font_size=\u00bb16px\u00bb text_line_height=\u00bb1.9em\u00bb text_orientation=\u00bbcenter\u00bb max_width=\u00bb710px\u00bb module_alignment=\u00bbcenter\u00bb animation_style=\u00bbfold\u00bb animation_direction=\u00bbbottom\u00bb animation_intensity_fold=\u00bb20%\u00bb global_colors_info=\u00bb{}\u00bb]<\/p>\n<p>Rellena el siguiente formulario y uno de nuestros agentes se pondr\u00e1 en contacto contigo para resolver todas las dudas que tengas.<\/p>\n<p>Gracias por confiar en Reale Seguros<\/p>\n<p>[\/et_pb_text][\/et_pb_column][\/et_pb_row][et_pb_row module_id=\u00bbbloqueContacto\u00bb _builder_version=\u00bb4.21.0&#8243; max_width=\u00bb900px\u00bb use_custom_width=\u00bbon\u00bb custom_width_px=\u00bb900px\u00bb global_colors_info=\u00bb{}\u00bb][et_pb_column type=\u00bb4_4&#8243; _builder_version=\u00bb4.16&#8243; custom_padding=\u00bb|||\u00bb global_colors_info=\u00bb{}\u00bb custom_padding__hover=\u00bb|||\u00bb][de_fb_form title=\u00bbFormulario moto\u00bb form_id=\u00bbmoto\u00bb submit_button_text=\u00bbEnviar\u00bb disable_submit_for_required=\u00bbon\u00bb message_position=\u00bbbefore_button\u00bb success_message=\u00bbGracias por contactar con nosotros, Le responderemos a la mayor brevedad posible.\u00bb failed_message=\u00bbSe ha producido un error. Por favor int\u00e9ntelo de nuevo en unos minutos. \u00bb email_title=\u00bbFormulario MOTO\u00bb multistep_enabled=\u00bbon\u00bb multistep_step_circle_radius=\u00bb31px\u00bb multistep_show_progress_bar_step_title=\u00bbon\u00bb multistep_progress_bar_margin=\u00bb||20px||false|false\u00bb _builder_version=\u00bb4.27.0&#8243; _module_preset=\u00bbdefault\u00bb _unique_id=\u00bbf0c4c1b7-53aa-468e-99eb-37249ab593ac\u00bb progress_bar_step_number_font_size=\u00bb17px\u00bb hover_enabled=\u00bb0&#8243; global_colors_info=\u00bb{}\u00bb sticky_enabled=\u00bb0&#8243;][de_fb_form_field field_title=\u00bbSobre ti\u00bb admin_title=\u00bbpaso1&#8243; field_id=\u00bbpaso1&#8243; field_type=\u00bbstep\u00bb step_next_text=\u00bbSiguiente\u00bb step_icon=\u00bb&#x6f;||divi||400&#8243; _builder_version=\u00bb4.21.0&#8243; _module_preset=\u00bbdefault\u00bb global_colors_info=\u00bb{}\u00bb][\/de_fb_form_field][de_fb_form_field field_title=\u00bbNombre\u00bb admin_title=\u00bbname\u00bb field_id=\u00bbname\u00bb required_mark=\u00bbon\u00bb _builder_version=\u00bb4.20.4&#8243; _module_preset=\u00bbdefault\u00bb global_colors_info=\u00bb{}\u00bb][\/de_fb_form_field][de_fb_form_field field_title=\u00bbApellidos\u00bb admin_title=\u00bbsurname\u00bb field_id=\u00bbsurname\u00bb required_mark=\u00bbon\u00bb _builder_version=\u00bb4.20.4&#8243; _module_preset=\u00bbdefault\u00bb global_colors_info=\u00bb{}\u00bb][\/de_fb_form_field][de_fb_form_field field_title=\u00bbDNI\u00bb admin_title=\u00bbdni\u00bb field_id=\u00bbdni\u00bb required_mark=\u00bbon\u00bb _builder_version=\u00bb4.20.4&#8243; _module_preset=\u00bbdefault\u00bb global_colors_info=\u00bb{}\u00bb][\/de_fb_form_field][de_fb_form_field field_title=\u00bbTus fechas\u00bb admin_title=\u00bbpaso2&#8243; field_id=\u00bbpaso2&#8243; field_type=\u00bbstep\u00bb step_prev_text=\u00bbAnterior\u00bb step_next_text=\u00bbSiguiente\u00bb _builder_version=\u00bb4.21.0&#8243; _module_preset=\u00bbdefault\u00bb global_colors_info=\u00bb{}\u00bb][\/de_fb_form_field][de_fb_form_field field_title=\u00bbFecha de nacimiento\u00bb admin_title=\u00bbbirthdate\u00bb field_id=\u00bbbirthdate\u00bb field_type=\u00bbdatepicker\u00bb date_time_picker_lang=\u00bbes\u00bb date_format=\u00bbdd-mm-yy\u00bb _builder_version=\u00bb4.20.4&#8243; _module_preset=\u00bbdefault\u00bb global_colors_info=\u00bb{}\u00bb][\/de_fb_form_field][de_fb_form_field field_title=\u00bbFecha Carnet de conducir\u00bb admin_title=\u00bbdrivelicensedate\u00bb field_id=\u00bbdrivelicensedate\u00bb field_type=\u00bbdatepicker\u00bb date_time_picker_lang=\u00bbes\u00bb date_format=\u00bbdd-mm-yy\u00bb _builder_version=\u00bb4.20.4&#8243; _module_preset=\u00bbdefault\u00bb global_colors_info=\u00bb{}\u00bb][\/de_fb_form_field][de_fb_form_field field_title=\u00bb\u00bfD\u00f3nde vives?\u00bb admin_title=\u00bbpaso3&#8243; field_id=\u00bbpaso3&#8243; field_type=\u00bbstep\u00bb step_prev_text=\u00bbAnterior\u00bb step_next_text=\u00bbSiguiente\u00bb _builder_version=\u00bb4.21.0&#8243; _module_preset=\u00bbdefault\u00bb global_colors_info=\u00bb{}\u00bb][\/de_fb_form_field][de_fb_form_field field_title=\u00bbDirecci\u00f3n\u00bb admin_title=\u00bbaddress\u00bb field_id=\u00bbaddress\u00bb required_mark=\u00bbon\u00bb _builder_version=\u00bb4.20.4&#8243; _module_preset=\u00bbdefault\u00bb global_colors_info=\u00bb{}\u00bb][\/de_fb_form_field][de_fb_form_field field_title=\u00bbC\u00f3digo Postal\u00bb admin_title=\u00bbCP\u00bb field_id=\u00bbcp\u00bb _builder_version=\u00bb4.20.4&#8243; _module_preset=\u00bbdefault\u00bb global_colors_info=\u00bb{}\u00bb][\/de_fb_form_field][de_fb_form_field field_title=\u00bbTu moto\u00bb admin_title=\u00bbpaso4&#8243; field_id=\u00bbpaso4&#8243; field_type=\u00bbstep\u00bb step_prev_text=\u00bbAnterior\u00bb step_next_text=\u00bbSiguiente\u00bb _builder_version=\u00bb4.21.0&#8243; _module_preset=\u00bbdefault\u00bb global_colors_info=\u00bb{}\u00bb][\/de_fb_form_field][de_fb_form_field field_title=\u00bbMatr\u00edcula\u00bb admin_title=\u00bbmatricula\u00bb field_id=\u00bbmatricula\u00bb _builder_version=\u00bb4.20.4&#8243; _module_preset=\u00bbdefault\u00bb global_colors_info=\u00bb{}\u00bb][\/de_fb_form_field][de_fb_form_field field_title=\u00bbModelo\u00bb admin_title=\u00bbmodelo\u00bb field_id=\u00bbmodelo\u00bb _builder_version=\u00bb4.20.4&#8243; _module_preset=\u00bbdefault\u00bb global_colors_info=\u00bb{}\u00bb][\/de_fb_form_field][de_fb_form_field field_title=\u00bbVersi\u00f3n\u00bb admin_title=\u00bbversion\u00bb field_id=\u00bbversion\u00bb _builder_version=\u00bb4.20.4&#8243; _module_preset=\u00bbdefault\u00bb global_colors_info=\u00bb{}\u00bb][\/de_fb_form_field][de_fb_form_field field_title=\u00bbTu contacto\u00bb admin_title=\u00bbpaso5&#8243; field_id=\u00bbpaso5&#8243; field_type=\u00bbstep\u00bb step_prev_text=\u00bbAnterior\u00bb step_next_text=\u00bbSiguiente\u00bb _builder_version=\u00bb4.21.0&#8243; _module_preset=\u00bbdefault\u00bb global_colors_info=\u00bb{}\u00bb][\/de_fb_form_field][de_fb_form_field field_title=\u00bbTel\u00e9fono\u00bb admin_title=\u00bbphone\u00bb field_id=\u00bbphone\u00bb _builder_version=\u00bb4.20.4&#8243; _module_preset=\u00bbdefault\u00bb global_colors_info=\u00bb{}\u00bb][\/de_fb_form_field][de_fb_form_field field_title=\u00bbEmail\u00bb admin_title=\u00bbemail\u00bb field_id=\u00bbemail\u00bb field_type=\u00bbemail\u00bb _builder_version=\u00bb4.20.4&#8243; _module_preset=\u00bbdefault\u00bb global_colors_info=\u00bb{}\u00bb][\/de_fb_form_field][de_fb_form_field _builder_version=\u00bb4.27.0&#8243; _module_preset=\u00bbdefault\u00bb field_title=\u00bbPol\u00edtica de privacidad\u00bb field_id=\u00bbprivacy\u00bb field_type=\u00bbcheckbox\u00bb checkbox_options=\u00bb%91{%22value%22:%22Acepto la %22,%22checked%22:0,%22dragID%22:-1,%22link_url%22:%22https:\/\/www.reale-cuenca-carreteria.es\/politica-de-privacidad\/%22,%22link_text%22:%22pol\u00edtica de privacidad%22}%93&#8243; hover_enabled=\u00bb0&#8243; sticky_enabled=\u00bb0&#8243;][\/de_fb_form_field][\/de_fb_form][\/et_pb_column][\/et_pb_row][\/et_pb_section]<\/p>\n","protected":false},"excerpt":{"rendered":"<p>Para nosotros en un esfuerzo permanente para adaptar nuestros productos a las diferentes necesidades de nuestros clientes, creando este producto online espec\u00edfico con las mejores prestaciones del mercado y un gran n\u00famero de servicios, a\u00f1adiendo novedosas coberturas y una gran numero de garant\u00edas exclusivas lo que lo convierte en uno de los seguros de Auto [&hellip;]<\/p>\n","protected":false},"author":1,"featured_media":0,"parent":0,"menu_order":6,"comment_status":"closed","ping_status":"closed","template":"","meta":{"_et_pb_use_builder":"on","_et_pb_old_content":"","_et_gb_content_width":"","footnotes":""},"class_list":["post-15","page","type-page","status-publish","hentry"],"yoast_head":"<!-- This site is optimized with the Yoast SEO plugin v27.0 - https:\/\/yoast.com\/product\/yoast-seo-wordpress\/ -->\n<title>Seguro de moto | Reale Cuenca Carreter\u00eda<\/title>\n<meta name=\"description\" content=\"Novedosas coberturas y una gran numero de garant\u00edas exclusivas lo que lo convierte en uno de los seguro de moto m\u00e1s completos\" \/>\n<meta name=\"robots\" content=\"index, follow, max-snippet:-1, max-image-preview:large, max-video-preview:-1\" \/>\n<link rel=\"canonical\" href=\"https:\/\/www.reale-cuenca-carreteria.es\/en\/moto\/\" \/>\n<meta property=\"og:locale\" content=\"en_GB\" \/>\n<meta property=\"og:type\" content=\"article\" \/>\n<meta property=\"og:title\" content=\"Seguro de moto | Reale Cuenca Carreter\u00eda\" \/>\n<meta property=\"og:description\" content=\"Novedosas coberturas y una gran numero de garant\u00edas exclusivas lo que lo convierte en uno de los seguro de moto m\u00e1s completos\" \/>\n<meta property=\"og:url\" content=\"https:\/\/www.reale-cuenca-carreteria.es\/en\/moto\/\" \/>\n<meta property=\"og:site_name\" content=\"Reale Cuenca Carreter\u00eda\" \/>\n<meta property=\"article:modified_time\" content=\"2024-07-18T08:30:51+00:00\" \/>\n<meta name=\"twitter:card\" content=\"summary_large_image\" \/>\n<meta name=\"twitter:label1\" content=\"Estimated reading time\" \/>\n\t<meta name=\"twitter:data1\" content=\"1 minute\" \/>\n<script type=\"application\/ld+json\" class=\"yoast-schema-graph\">{\"@context\":\"https:\/\/schema.org\",\"@graph\":[{\"@type\":\"WebPage\",\"@id\":\"https:\/\/www.reale-cuenca-carreteria.es\/moto\/\",\"url\":\"https:\/\/www.reale-cuenca-carreteria.es\/moto\/\",\"name\":\"Seguro de moto | Reale Cuenca Carreter\u00eda\",\"isPartOf\":{\"@id\":\"https:\/\/www.reale-cuenca-carreteria.es\/#website\"},\"datePublished\":\"2023-04-14T08:27:29+00:00\",\"dateModified\":\"2024-07-18T08:30:51+00:00\",\"description\":\"Novedosas coberturas y una gran numero de garant\u00edas exclusivas lo que lo convierte en uno de los seguro de moto m\u00e1s completos\",\"breadcrumb\":{\"@id\":\"https:\/\/www.reale-cuenca-carreteria.es\/moto\/#breadcrumb\"},\"inLanguage\":\"en-GB\",\"potentialAction\":[{\"@type\":\"ReadAction\",\"target\":[\"https:\/\/www.reale-cuenca-carreteria.es\/moto\/\"]}]},{\"@type\":\"BreadcrumbList\",\"@id\":\"https:\/\/www.reale-cuenca-carreteria.es\/moto\/#breadcrumb\",\"itemListElement\":[{\"@type\":\"ListItem\",\"position\":1,\"name\":\"Portada\",\"item\":\"https:\/\/www.reale-cuenca-carreteria.es\/\"},{\"@type\":\"ListItem\",\"position\":2,\"name\":\"Moto\"}]},{\"@type\":\"WebSite\",\"@id\":\"https:\/\/www.reale-cuenca-carreteria.es\/#website\",\"url\":\"https:\/\/www.reale-cuenca-carreteria.es\/\",\"name\":\"Reale Cuenca Carreter\u00eda\",\"description\":\"Juan Almaz\u00e1n\",\"publisher\":{\"@id\":\"https:\/\/www.reale-cuenca-carreteria.es\/#organization\"},\"potentialAction\":[{\"@type\":\"SearchAction\",\"target\":{\"@type\":\"EntryPoint\",\"urlTemplate\":\"https:\/\/www.reale-cuenca-carreteria.es\/?s={search_term_string}\"},\"query-input\":{\"@type\":\"PropertyValueSpecification\",\"valueRequired\":true,\"valueName\":\"search_term_string\"}}],\"inLanguage\":\"en-GB\"},{\"@type\":\"Organization\",\"@id\":\"https:\/\/www.reale-cuenca-carreteria.es\/#organization\",\"name\":\"Reale Cuenca Carreter\u00eda\",\"url\":\"https:\/\/www.reale-cuenca-carreteria.es\/\",\"logo\":{\"@type\":\"ImageObject\",\"inLanguage\":\"en-GB\",\"@id\":\"https:\/\/www.reale-cuenca-carreteria.es\/#\/schema\/logo\/image\/\",\"url\":\"https:\/\/www.reale-cuenca-carreteria.es\/wp-content\/uploads\/2023\/04\/cropped-favicon.png\",\"contentUrl\":\"https:\/\/www.reale-cuenca-carreteria.es\/wp-content\/uploads\/2023\/04\/cropped-favicon.png\",\"width\":512,\"height\":512,\"caption\":\"Reale Cuenca Carreter\u00eda\"},\"image\":{\"@id\":\"https:\/\/www.reale-cuenca-carreteria.es\/#\/schema\/logo\/image\/\"}}]}<\/script>\n<!-- \/ Yoast SEO plugin. -->","yoast_head_json":{"title":"Seguro de moto | Reale Cuenca Carreter\u00eda","description":"Novedosas coberturas y una gran numero de garant\u00edas exclusivas lo que lo convierte en uno de los seguro de moto m\u00e1s completos","robots":{"index":"index","follow":"follow","max-snippet":"max-snippet:-1","max-image-preview":"max-image-preview:large","max-video-preview":"max-video-preview:-1"},"canonical":"https:\/\/www.reale-cuenca-carreteria.es\/en\/moto\/","og_locale":"en_GB","og_type":"article","og_title":"Seguro de moto | Reale Cuenca Carreter\u00eda","og_description":"Novedosas coberturas y una gran numero de garant\u00edas exclusivas lo que lo convierte en uno de los seguro de moto m\u00e1s completos","og_url":"https:\/\/www.reale-cuenca-carreteria.es\/en\/moto\/","og_site_name":"Reale Cuenca Carreter\u00eda","article_modified_time":"2024-07-18T08:30:51+00:00","twitter_card":"summary_large_image","twitter_misc":{"Estimated reading time":"1 minute"},"schema":{"@context":"https:\/\/schema.org","@graph":[{"@type":"WebPage","@id":"https:\/\/www.reale-cuenca-carreteria.es\/moto\/","url":"https:\/\/www.reale-cuenca-carreteria.es\/moto\/","name":"Seguro de moto | Reale Cuenca Carreter\u00eda","isPartOf":{"@id":"https:\/\/www.reale-cuenca-carreteria.es\/#website"},"datePublished":"2023-04-14T08:27:29+00:00","dateModified":"2024-07-18T08:30:51+00:00","description":"Novedosas coberturas y una gran numero de garant\u00edas exclusivas lo que lo convierte en uno de los seguro de moto m\u00e1s completos","breadcrumb":{"@id":"https:\/\/www.reale-cuenca-carreteria.es\/moto\/#breadcrumb"},"inLanguage":"en-GB","potentialAction":[{"@type":"ReadAction","target":["https:\/\/www.reale-cuenca-carreteria.es\/moto\/"]}]},{"@type":"BreadcrumbList","@id":"https:\/\/www.reale-cuenca-carreteria.es\/moto\/#breadcrumb","itemListElement":[{"@type":"ListItem","position":1,"name":"Portada","item":"https:\/\/www.reale-cuenca-carreteria.es\/"},{"@type":"ListItem","position":2,"name":"Moto"}]},{"@type":"WebSite","@id":"https:\/\/www.reale-cuenca-carreteria.es\/#website","url":"https:\/\/www.reale-cuenca-carreteria.es\/","name":"Reale Cuenca Carreter\u00eda","description":"Juan Almaz\u00e1n","publisher":{"@id":"https:\/\/www.reale-cuenca-carreteria.es\/#organization"},"potentialAction":[{"@type":"SearchAction","target":{"@type":"EntryPoint","urlTemplate":"https:\/\/www.reale-cuenca-carreteria.es\/?s={search_term_string}"},"query-input":{"@type":"PropertyValueSpecification","valueRequired":true,"valueName":"search_term_string"}}],"inLanguage":"en-GB"},{"@type":"Organization","@id":"https:\/\/www.reale-cuenca-carreteria.es\/#organization","name":"Reale Cuenca Carreter\u00eda","url":"https:\/\/www.reale-cuenca-carreteria.es\/","logo":{"@type":"ImageObject","inLanguage":"en-GB","@id":"https:\/\/www.reale-cuenca-carreteria.es\/#\/schema\/logo\/image\/","url":"https:\/\/www.reale-cuenca-carreteria.es\/wp-content\/uploads\/2023\/04\/cropped-favicon.png","contentUrl":"https:\/\/www.reale-cuenca-carreteria.es\/wp-content\/uploads\/2023\/04\/cropped-favicon.png","width":512,"height":512,"caption":"Reale Cuenca Carreter\u00eda"},"image":{"@id":"https:\/\/www.reale-cuenca-carreteria.es\/#\/schema\/logo\/image\/"}}]}},"_links":{"self":[{"href":"https:\/\/www.reale-cuenca-carreteria.es\/en\/wp-json\/wp\/v2\/pages\/15","targetHints":{"allow":["GET"]}}],"collection":[{"href":"https:\/\/www.reale-cuenca-carreteria.es\/en\/wp-json\/wp\/v2\/pages"}],"about":[{"href":"https:\/\/www.reale-cuenca-carreteria.es\/en\/wp-json\/wp\/v2\/types\/page"}],"author":[{"embeddable":true,"href":"https:\/\/www.reale-cuenca-carreteria.es\/en\/wp-json\/wp\/v2\/users\/1"}],"replies":[{"embeddable":true,"href":"https:\/\/www.reale-cuenca-carreteria.es\/en\/wp-json\/wp\/v2\/comments?post=15"}],"version-history":[{"count":11,"href":"https:\/\/www.reale-cuenca-carreteria.es\/en\/wp-json\/wp\/v2\/pages\/15\/revisions"}],"predecessor-version":[{"id":419,"href":"https:\/\/www.reale-cuenca-carreteria.es\/en\/wp-json\/wp\/v2\/pages\/15\/revisions\/419"}],"wp:attachment":[{"href":"https:\/\/www.reale-cuenca-carreteria.es\/en\/wp-json\/wp\/v2\/media?parent=15"}],"curies":[{"name":"wp","href":"https:\/\/api.w.org\/{rel}","templated":true}]}}